{"id":23007234,"date":"2022-11-08T12:05:11","date_gmt":"2022-11-08T12:05:11","guid":{"rendered":"https:\/\/www.betranslated.be\/politique-de-confidentialite\/"},"modified":"2026-02-10T14:13:51","modified_gmt":"2026-02-10T14:13:51","slug":"privacybeleid","status":"publish","type":"page","link":"https:\/\/www.betranslated.be\/nl\/privacybeleid\/","title":{"rendered":"Privacybeleid"},"content":{"rendered":"<p>[et_pb_section fb_built=&#8221;1&#8243; custom_padding_last_edited=&#8221;on|phone&#8221; _builder_version=&#8221;4.21.0&#8243; _module_preset=&#8221;default&#8221; background_color=&#8221;#F9F8FE&#8221; background_image=&#8221;https:\/\/wordpress-80907-3203254.cloudwaysapps.com\/wp-content\/uploads\/2022\/01\/marketing-bg-06.svg&#8221; custom_margin=&#8221;0px|0px|0px|0px|false|false&#8221; custom_padding=&#8221;100px|0px|100px|0px|false|false&#8221; custom_padding_tablet=&#8221;100px||100px||false|false&#8221; custom_padding_phone=&#8221;70px||70px||true|false&#8221; locked=&#8221;off&#8221; global_colors_info=&#8221;{}&#8221;][et_pb_row _builder_version=&#8221;4.21.0&#8243; _module_preset=&#8221;7759d626-c99b-44ac-b87c-10f640adcead&#8221; max_width=&#8221;1000px&#8221; global_colors_info=&#8221;{}&#8221;][et_pb_column type=&#8221;4_4&#8243; _builder_version=&#8221;4.20.4&#8243; _module_preset=&#8221;default&#8221; global_colors_info=&#8221;{}&#8221;][dipi_breadcrumbs _builder_version=&#8221;4.21.0&#8243; _module_preset=&#8221;40669bbd-2957-41f6-be3f-e79f9ee5a89f&#8221; global_colors_info=&#8221;%91%93&#8243;][\/dipi_breadcrumbs][et_pb_text _builder_version=&#8221;4.27.4&#8243; _module_preset=&#8221;d057b05f-7260-4ee6-99f6-888c820e490c&#8221; hover_enabled=&#8221;0&#8243; ul_line_height_tablet=&#8221;1.7em&#8221; header_3_font_size_tablet=&#8221;25px&#8221; header_3_line_height_tablet=&#8221;1.8em&#8221; global_colors_info=&#8221;%91%93&#8243; sticky_enabled=&#8221;0&#8243;]<\/p>\n<h1>Privacybeleid<\/h1>\n<p>[\/et_pb_text][et_pb_text _builder_version=&#8221;4.24.0&#8243; _module_preset=&#8221;d057b05f-7260-4ee6-99f6-888c820e490c&#8221; ul_line_height_tablet=&#8221;1.7em&#8221; header_3_font_size_tablet=&#8221;25px&#8221; header_3_line_height_tablet=&#8221;1.8em&#8221; global_colors_info=&#8221;%91%93&#8243;]<\/p>\n<h2>Politique de confidentialit\u00e9<\/h2>\n<p>[\/et_pb_text][dipi_button_grid flex_direction=&#8221;row&#8221; _builder_version=&#8221;4.22.1&#8243; _module_preset=&#8221;default&#8221; custom_margin=&#8221;30px|0px|0px|0px|false|false&#8221; custom_padding=&#8221;0px|0px|0px|0px|false|false&#8221; saved_tabs=&#8221;all&#8221; locked=&#8221;off&#8221; global_colors_info=&#8221;{}&#8221;][dipi_button_grid_child button_id=&#8221;Get a Quote&#8221; button_type=&#8221;dp_button&#8221; button_text=&#8221;Devis&#8221; button_link=&#8221;https:\/\/www.betranslated.be\/fr\/devis-traduction\/&#8221; _builder_version=&#8221;4.22.1&#8243; _module_preset=&#8221;default&#8221; text_style_font=&#8221;||||||||&#8221; custom_button=&#8221;on&#8221; button_text_size=&#8221;16px&#8221; button_text_color=&#8221;#FFFFFF&#8221; button_bg_color=&#8221;#2F3143&#8243; button_border_width=&#8221;2px&#8221; button_border_color=&#8221;#2F3143&#8243; button_border_radius=&#8221;100px&#8221; button_font=&#8221;|300|||||||&#8221; button_use_icon=&#8221;off&#8221; button_custom_margin=&#8221;0px|0px|0px|0px|false|false&#8221; button_custom_padding=&#8221;9px|50px|9px|50px|true|true&#8221; global_colors_info=&#8221;{}&#8221; button_bg_color__hover_enabled=&#8221;on|hover&#8221; button_bg_color__hover=&#8221;#F67618&#8243; button_bg_enable_color__hover=&#8221;on&#8221; button_border_color__hover=&#8221;#F67618&#8243; button_border_color__hover_enabled=&#8221;on|hover&#8221;][\/dipi_button_grid_child][\/dipi_button_grid][\/et_pb_column][\/et_pb_row][\/et_pb_section][et_pb_section fb_built=&#8221;1&#8243; admin_label=&#8221;Section_1&#8243; _builder_version=&#8221;4.24.0&#8243; _module_preset=&#8221;default&#8221; background_enable_color=&#8221;off&#8221; background_enable_image=&#8221;off&#8221; custom_margin=&#8221;0px|0px|0px|0px|false|false&#8221; custom_padding=&#8221;150px|0px|100px|0px|false|false&#8221; locked=&#8221;off&#8221; global_colors_info=&#8221;{}&#8221;][et_pb_row _builder_version=&#8221;4.24.0&#8243; _module_preset=&#8221;default&#8221; custom_margin=&#8221;0px||0px||false|false&#8221; custom_padding=&#8221;0px|0px|0px|0px|false|false&#8221; global_colors_info=&#8221;{}&#8221;][et_pb_column type=&#8221;4_4&#8243; _builder_version=&#8221;4.16&#8243; _module_preset=&#8221;default&#8221; global_colors_info=&#8221;{}&#8221;][et_pb_text _builder_version=&#8221;4.27.4&#8243; _module_preset=&#8221;default&#8221; header_2_text_color=&#8221;#000000&#8243; header_2_font_size=&#8221;21px&#8221; custom_padding=&#8221;0px|0px|0px|0px|false|true&#8221; hover_enabled=&#8221;0&#8243; text_line_height_tablet=&#8221;&#8221; text_line_height_phone=&#8221;1.3em&#8221; text_line_height_last_edited=&#8221;on|phone&#8221; global_colors_info=&#8221;{}&#8221; sticky_enabled=&#8221;0&#8243;]<\/p>\n<h2>Wie zijn wij?<\/h2>\n<p>Het adres van onze website is: https:\/\/www.betranslated.be\/nl\/.<\/p>\n<h2>Reacties<\/h2>\n<p>Wanneer u een reactie achterlaat op onze website, worden de gegevens die in het reactieformulier zijn ingevuld, alsook uw IP-adres en de user agent van uw browser verzameld om ons te helpen bij de detectie van ongewenste reacties.<\/p>\n<p>Een geanonimiseerde tekenreeks die is aangemaakt op basis van uw e-mailadres (ook wel hash genoemd) kan naar de Gravatar-dienst worden verzonden om te controleren of u hiervan gebruikmaakt.<\/p>\n<p>De privacybepalingen van de Gravatar-dienst zijn hier beschikbaar: https:\/\/automattic.com\/privacy\/.<\/p>\n<p>Na goedkeuring van uw reactie zal uw profielfoto publiek zichtbaar zijn naast uw reactie.<\/p>\n<h2>Media<\/h2>\n<p>Als u een geregistreerde gebruiker bent en afbeeldingen uploadt naar de website, raden wij u aan om geen afbeeldingen te uploaden die EXIF-gegevens met GPS-co\u00f6rdinaten bevatten.<\/p>\n<p>Bezoekers van uw website kunnen locatiegegevens downloaden en extraheren uit deze afbeeldingen.<\/p>\n<h2>Cookies<\/h2>\n<p>Als u een reactie achterlaat op onze site, wordt u voorgesteld om uw naam, e-mailadres en website op te slaan in cookies.<\/p>\n<p>Dit is uitsluitend voor uw gemak, zodat u deze gegevens niet opnieuw hoeft in te vullen wanneer u later een nieuwe reactie plaatst.<\/p>\n<p>Deze cookies verlopen na \u00e9\u00e9n jaar.<\/p>\n<p>Als u de inlogpagina bezoekt, wordt er een tijdelijke cookie aangemaakt om te bepalen of uw browser cookies accepteert.<\/p>\n<p>Deze cookie bevat geen persoonlijke gegevens en wordt automatisch verwijderd wanneer u uw browser sluit.<\/p>\n<p>Wanneer u inlogt, plaatsen wij een aantal cookies om uw inloggegevens en schermvoorkeuren op te slaan.<\/p>\n<p>De levensduur van een inlogcookie bedraagt twee dagen, die van een cookie voor schermvoorkeuren \u00e9\u00e9n jaar.<\/p>\n<p>Als u &#8220;Onthoud mij&#8221; aanvinkt, wordt uw inlogcookie twee weken bewaard.<\/p>\n<p>Als u zich afmeldt bij uw account, wordt de inlogcookie gewist.<\/p>\n<p>Bij het bewerken of publiceren van een bericht wordt een extra cookie opgeslagen in uw browser.<\/p>\n<p>Deze cookie bevat geen persoonlijke gegevens.<\/p>\n<p>Het geeft enkel de ID aan van het bericht dat u zojuist hebt bewerkt.<\/p>\n<p>De cookie verloopt na \u00e9\u00e9n dag.<\/p>\n<h2>Ingesloten inhoud van andere sites<\/h2>\n<p>Artikelen op deze site kunnen ingesloten inhoud bevatten (bijvoorbeeld video&#8217;s, afbeeldingen, artikelen\u2026).<\/p>\n<p>Ingesloten inhoud van andere sites gedraagt zich op dezelfde manier alsof de bezoeker die andere site zou bezoeken.<\/p>\n<p>Deze websites kunnen gegevens over u verzamelen, cookies gebruiken, trackingtools van derden insluiten en uw interacties met deze ingesloten inhoud volgen indien u over een ingelogd account op hun website beschikt.<\/p>\n<h2>Gebruik en overdracht van uw persoonlijke gegevens<\/h2>\n<p>Als u een wachtwoordherstel aanvraagt, wordt uw IP-adres opgenomen in de e-mail voor wachtwoordherstel.<\/p>\n<h2>Bewaartermijnen van uw gegevens<\/h2>\n<p>Als u een reactie achterlaat, worden de reactie en de bijbehorende metadata voor onbepaalde tijd bewaard.<\/p>\n<p>Dit maakt het mogelijk om opvolgende reacties automatisch te herkennen en goed te keuren in plaats van ze in de moderatiewachtrij te laten staan.<\/p>\n<p>Voor gebruikers die zich op onze site registreren (indien mogelijk), slaan wij ook de persoonlijke gegevens op die in hun profiel zijn vermeld.<\/p>\n<p>Alle gebruikers kunnen hun persoonlijke gegevens op elk moment inzien, wijzigen of verwijderen (met uitzondering van hun gebruikersnaam).<\/p>\n<p>De beheerders van de site kunnen deze gegevens eveneens inzien en wijzigen.<\/p>\n<h2>De rechten die u hebt over uw gegevens<\/h2>\n<p>Als u een account hebt of als u reacties op de site hebt achtergelaten, kunt u verzoeken om een bestand te ontvangen met alle persoonlijke gegevens die wij over u bewaren, inclusief de gegevens die u ons hebt verstrekt.<\/p>\n<p>U kunt ook verzoeken om de verwijdering van de persoonlijke gegevens die op u betrekking hebben.<\/p>\n<p>Dit is niet van toepassing op gegevens die worden bewaard voor administratieve, juridische of veiligheidsdoeleinden.<\/p>\n<h2>Waarheen worden uw gegevens verzonden?<\/h2>\n<p>Reacties van bezoekers kunnen worden gecontroleerd met behulp van een geautomatiseerde dienst voor de detectie van ongewenste reacties.<\/p>\n<p>[\/et_pb_text][\/et_pb_column][\/et_pb_row][\/et_pb_section]<\/p>\n","protected":false},"excerpt":{"rendered":"<p><div class=\"et_pb_module dipi_breadcrumbs dipi_breadcrumbs_0\">\n\t\t\t\t\n\t\t\t\t\n\t\t\t\t\n\t\t\t\t\n\t\t\t\t\n\t\t\t\t\n\t\t\t\t<div class=\"et_pb_module_inner\">\n\t\t\t\t\t<div class=\"dipi-breadcrumbs dipi-bc-center\">\n                <ul itemscope itemtype=\"https:\/\/schema.org\/BreadcrumbList\">\n                    \n                                                        <li itemprop=\"itemListElement\" itemscope itemtype=\"https:\/\/schema.org\/ListItem\" class=\"dipi-breadcrumb-item dipi-breadcrumb-home\">\n\n                                                    <a itemprop=\"item\" href=\"https:\/\/www.betranslated.be\/nl\/\">\n                                <span itemprop=\"name\" content=\"Home\">\n                                    <span class=\"et-pb-icon dipi-home-icon\"><\/span>                                    BeTranslated                                <\/span>\n                            <\/a>\n\n                                                <meta itemprop=\"position\" content=\"1\"\/>                    <\/li>\n\n                    <li class=\"dipi-breadcrumb-separator\">\n                    <span class=\"et-pb-icon dipi-separator-icon\">&#xf105;<\/span>\n                <\/li>                            \n                <\/ul>\n            <\/div>\n\t\t\t\t<\/div>\n\t\t\t<\/div>PrivacybeleidPolitique de confidentialit\u00e9<div class=\"et_pb_module dipi_button_grid dipi_button_grid_0\">\n\t\t\t\t\n\t\t\t\t\n\t\t\t\t\n\t\t\t\t\n\t\t\t\t\n\t\t\t\t\n\t\t\t\t<div class=\"et_pb_module_inner\">\n\t\t\t\t\t<div class=\"dipi-button-grid-container\">\n                <div class=\"et_pb_module dipi_button_grid_child dipi_button_grid_child_0\">\n\t\t\t\t\n\t\t\t\t\n\t\t\t\t\n\t\t\t\t\n\t\t\t\t\n\t\t\t\t\n\t\t\t\t<div class=\"et_pb_module_inner\">\n\t\t\t\t\t<a class=\"et_pb_button dipi-button-grid dipi-button-wrap\" href=\"https:\/\/www.betranslated.be\/fr\/devis-traduction\/\">Devis<\/a>\n\t\t\t\t<\/div>\n\t\t\t<\/div>\n            <\/div>\n\t\t\t\t<\/div>\n\t\t\t<\/div>Wie zijn wij? Het adres van onze website is: https:\/\/www.betranslated.be\/nl\/. Reacties Wanneer u een reactie achterlaat [&hellip;]<\/p>\n","protected":false},"author":1,"featured_media":0,"parent":0,"menu_order":61,"comment_status":"closed","ping_status":"closed","template":"","meta":{"_et_pb_use_builder":"on","_et_pb_old_content":"<!-- wp:heading -->\r\n<h2>Qui sommes-nous\u00a0?<\/h2>\r\n<!-- \/wp:heading -->\r\n\r\n<!-- wp:paragraph -->\r\n<p>L\u2019adresse de notre site Web est : https:\/\/www.betranslated.be\/fr\/.<\/p>\r\n<!-- \/wp:paragraph -->\r\n\r\n<!-- wp:heading -->\r\n<h2>Commentaires<\/h2>\r\n<!-- \/wp:heading -->\r\n\r\n<!-- wp:paragraph -->\r\n<p>Quand vous laissez un commentaire sur notre site web, les donn\u00e9es inscrites dans le formulaire de commentaire, mais aussi votre adresse IP et l\u2019agent utilisateur de votre navigateur sont collect\u00e9s pour nous aider \u00e0 la d\u00e9tection des commentaires ind\u00e9sirables.<\/p>\r\n<!-- \/wp:paragraph -->\r\n\r\n<!-- wp:paragraph -->\r\n<p>Une cha\u00eene anonymis\u00e9e cr\u00e9\u00e9e \u00e0 partir de votre adresse de messagerie (\u00e9galement appel\u00e9e hash) peut \u00eatre envoy\u00e9e au service Gravatar pour v\u00e9rifier si vous utilisez ce dernier. Les clauses de confidentialit\u00e9 du service Gravatar sont disponibles ici : https:\/\/automattic.com\/privacy\/. Apr\u00e8s validation de votre commentaire, votre photo de profil sera visible publiquement \u00e0 c\u00f4t\u00e9 de votre commentaire.<\/p>\r\n<!-- \/wp:paragraph -->\r\n\r\n<!-- wp:heading -->\r\n<h2>M\u00e9dias<\/h2>\r\n<!-- \/wp:heading -->\r\n\r\n<!-- wp:paragraph -->\r\n<p>Si vous \u00eates un utilisateur ou une utilisatrice enregistr\u00e9\u00b7e et que vous t\u00e9l\u00e9versez des images sur le site web, nous vous conseillons d\u2019\u00e9viter de t\u00e9l\u00e9verser des images contenant des donn\u00e9es EXIF de coordonn\u00e9es GPS. Les visiteurs de votre site web peuvent t\u00e9l\u00e9charger et extraire des donn\u00e9es de localisation depuis ces images.<\/p>\r\n<!-- \/wp:paragraph -->\r\n\r\n<!-- wp:heading -->\r\n<h2>Cookies<\/h2>\r\n<!-- \/wp:heading -->\r\n\r\n<!-- wp:paragraph -->\r\n<p>Si vous d\u00e9posez un commentaire sur notre site, il vous sera propos\u00e9 d\u2019enregistrer votre nom, adresse de messagerie et site web dans des cookies. C\u2019est uniquement pour votre confort afin de ne pas avoir \u00e0 saisir ces informations si vous d\u00e9posez un autre commentaire plus tard. Ces cookies expirent au bout d\u2019un an.<\/p>\r\n<!-- \/wp:paragraph -->\r\n\r\n<!-- wp:paragraph -->\r\n<p>Si vous vous rendez sur la page de connexion, un cookie temporaire sera cr\u00e9\u00e9 afin de d\u00e9terminer si votre navigateur accepte les cookies. Il ne contient pas de donn\u00e9es personnelles et sera supprim\u00e9 automatiquement \u00e0 la fermeture de votre navigateur.<\/p>\r\n<!-- \/wp:paragraph -->\r\n\r\n<!-- wp:paragraph -->\r\n<p>Lorsque vous vous connecterez, nous mettrons en place un certain nombre de cookies pour enregistrer vos informations de connexion et vos pr\u00e9f\u00e9rences d\u2019\u00e9cran. La dur\u00e9e de vie d\u2019un cookie de connexion est de deux jours, celle d\u2019un cookie d\u2019option d\u2019\u00e9cran est d\u2019un an. Si vous cochez \u00ab\u00a0Se souvenir de moi\u00a0\u00bb, votre cookie de connexion sera conserv\u00e9 pendant deux semaines. Si vous vous d\u00e9connectez de votre compte, le cookie de connexion sera effac\u00e9.<\/p>\r\n<!-- \/wp:paragraph -->\r\n\r\n<!-- wp:paragraph -->\r\n<p>En modifiant ou en publiant une publication, un cookie suppl\u00e9mentaire sera enregistr\u00e9 dans votre navigateur. Ce cookie ne comprend aucune donn\u00e9e personnelle. Il indique simplement l\u2019ID de la publication que vous venez de modifier. Il expire au bout d\u2019un jour.<\/p>\r\n<!-- \/wp:paragraph -->\r\n\r\n<!-- wp:heading -->\r\n<h2>Contenu embarqu\u00e9 depuis d\u2019autres sites<\/h2>\r\n<!-- \/wp:heading -->\r\n\r\n<!-- wp:paragraph -->\r\n<p>Les articles de ce site peuvent inclure des contenus int\u00e9gr\u00e9s (par exemple des vid\u00e9os, images, articles\u2026). Le contenu int\u00e9gr\u00e9 depuis d\u2019autres sites se comporte de la m\u00eame mani\u00e8re que si le visiteur se rendait sur cet autre site.<\/p>\r\n<!-- \/wp:paragraph -->\r\n\r\n<!-- wp:paragraph -->\r\n<p>Ces sites web pourraient collecter des donn\u00e9es sur vous, utiliser des cookies, embarquer des outils de suivis tiers, suivre vos interactions avec ces contenus embarqu\u00e9s si vous disposez d\u2019un compte connect\u00e9 sur leur site web.<\/p>\r\n<!-- \/wp:paragraph -->\r\n\r\n<!-- wp:heading -->\r\n<h2>Utilisation et transmission de vos donn\u00e9es personnelles<\/h2>\r\n<!-- \/wp:heading -->\r\n\r\n<!-- wp:paragraph -->\r\n<p>Si vous demandez une r\u00e9initialisation de votre mot de passe, votre adresse IP sera incluse dans l\u2019e-mail de r\u00e9initialisation.<\/p>\r\n<!-- \/wp:paragraph -->\r\n\r\n<!-- wp:heading -->\r\n<h2>Dur\u00e9es de stockage de vos donn\u00e9es<\/h2>\r\n<!-- \/wp:heading -->\r\n\r\n<!-- wp:paragraph -->\r\n<p>Si vous laissez un commentaire, le commentaire et ses m\u00e9tadonn\u00e9es sont conserv\u00e9s ind\u00e9finiment. Cela permet de reconna\u00eetre et approuver automatiquement les commentaires suivants au lieu de les laisser dans la file de mod\u00e9ration.<\/p>\r\n<!-- \/wp:paragraph -->\r\n\r\n<!-- wp:paragraph -->\r\n<p>Pour les utilisateurs et utilisatrices qui s\u2019enregistrent sur notre site (si cela est possible), nous stockons \u00e9galement les donn\u00e9es personnelles indiqu\u00e9es dans leur profil. Tous les utilisateurs et utilisatrices peuvent voir, modifier ou supprimer leurs informations personnelles \u00e0 tout moment (\u00e0 l\u2019exception de leur nom d\u2019utilisateur\u00b7ice). Les gestionnaires du site peuvent aussi voir et modifier ces informations.<\/p>\r\n<!-- \/wp:paragraph -->\r\n\r\n<!-- wp:heading -->\r\n<h2>Les droits que vous avez sur vos donn\u00e9es<\/h2>\r\n<!-- \/wp:heading -->\r\n\r\n<!-- wp:paragraph -->\r\n<p>Si vous avez un compte ou si vous avez laiss\u00e9 des commentaires sur le site, vous pouvez demander \u00e0 recevoir un fichier contenant toutes les donn\u00e9es personnelles que nous poss\u00e9dons \u00e0 votre sujet, incluant celles que vous nous avez fournies. Vous pouvez \u00e9galement demander la suppression des donn\u00e9es personnelles vous concernant. Cela ne prend pas en compte les donn\u00e9es stock\u00e9es \u00e0 des fins administratives, l\u00e9gales ou pour des raisons de s\u00e9curit\u00e9.<\/p>\r\n<!-- \/wp:paragraph -->\r\n\r\n<!-- wp:heading -->\r\n<h2>O\u00f9 vos donn\u00e9es sont-elles envoy\u00e9es<\/h2>\r\n<!-- \/wp:heading -->\r\n\r\n<!-- wp:paragraph -->\r\n<p>Les commentaires des visiteurs peuvent \u00eatre v\u00e9rifi\u00e9s \u00e0 l\u2019aide d\u2019un service automatis\u00e9 de d\u00e9tection des commentaires ind\u00e9sirables.<\/p>\r\n<!-- \/wp:paragraph -->","_et_gb_content_width":"","footnotes":""},"dipi_cpt_category":[],"class_list":["post-23007234","page","type-page","status-publish","hentry"],"_links":{"self":[{"href":"https:\/\/www.betranslated.be\/nl\/wp-json\/wp\/v2\/pages\/23007234","targetHints":{"allow":["GET"]}}],"collection":[{"href":"https:\/\/www.betranslated.be\/nl\/wp-json\/wp\/v2\/pages"}],"about":[{"href":"https:\/\/www.betranslated.be\/nl\/wp-json\/wp\/v2\/types\/page"}],"author":[{"embeddable":true,"href":"https:\/\/www.betranslated.be\/nl\/wp-json\/wp\/v2\/users\/1"}],"replies":[{"embeddable":true,"href":"https:\/\/www.betranslated.be\/nl\/wp-json\/wp\/v2\/comments?post=23007234"}],"version-history":[{"count":4,"href":"https:\/\/www.betranslated.be\/nl\/wp-json\/wp\/v2\/pages\/23007234\/revisions"}],"predecessor-version":[{"id":23007250,"href":"https:\/\/www.betranslated.be\/nl\/wp-json\/wp\/v2\/pages\/23007234\/revisions\/23007250"}],"wp:attachment":[{"href":"https:\/\/www.betranslated.be\/nl\/wp-json\/wp\/v2\/media?parent=23007234"}],"wp:term":[{"taxonomy":"dipi_cpt_category","embeddable":true,"href":"https:\/\/www.betranslated.be\/nl\/wp-json\/wp\/v2\/dipi_cpt_category?post=23007234"}],"curies":[{"name":"wp","href":"https:\/\/api.w.org\/{rel}","templated":true}]}}