{"id":22996700,"date":"2025-01-26T17:39:36","date_gmt":"2025-01-26T17:39:36","guid":{"rendered":"https:\/\/www.betranslated.be\/?p=22996700"},"modified":"2026-01-20T15:46:40","modified_gmt":"2026-01-20T15:46:40","slug":"directives-internes","status":"publish","type":"page","link":"https:\/\/www.betranslated.be\/fr\/services-traduction\/juridique\/directives-internes\/","title":{"rendered":"Services de traduction de directives internes"},"content":{"rendered":"\n<p>Les directives internes jouent un r\u00f4le essentiel dans la communication et la mise en \u0153uvre des politiques organisationnelles.<\/p>\n\n\n\n<p>Qu\u2019il s\u2019agisse de proc\u00e9dures de travail, de r\u00e8gles de conformit\u00e9 ou de guides de comportement, leur traduction doit \u00eatre claire et pr\u00e9cise pour garantir leur compr\u00e9hension par toutes les \u00e9quipes, quel que soit leur lieu ou leur langue.<\/p>\n\n\n\n<p>BeTranslated propose des services de traduction sp\u00e9cialis\u00e9s pour r\u00e9pondre \u00e0 ces besoins essentiels.<\/p>\n\n\n\n<h3 class=\"wp-block-heading\">Pourquoi traduire vos directives internes ?<\/h3>\n\n\n\n<p>La traduction des directives internes est indispensable pour :<\/p>\n\n\n\n<ul class=\"wp-block-list\">\n<li>Garantir une application coh\u00e9rente des politiques dans des environnements multilingues.<\/li>\n\n\n\n<li>Assurer la conformit\u00e9 avec les r\u00e9glementations locales et internationales.<\/li>\n\n\n\n<li>Renforcer la communication interne dans les organisations mondiales.<\/li>\n<\/ul>\n\n\n\n<h3 class=\"wp-block-heading\">Nos engagements pour vos directives internes<\/h3>\n\n\n\n<p>BeTranslated s&rsquo;engage \u00e0 :<\/p>\n\n\n\n<ul class=\"wp-block-list\">\n<li>Fournir des traductions fid\u00e8les qui respectent les nuances linguistiques et culturelles.<\/li>\n\n\n\n<li>Assurer la confidentialit\u00e9 de vos documents internes sensibles.<\/li>\n\n\n\n<li>Respecter les d\u00e9lais, m\u00eame pour des projets complexes ou urgents.<\/li>\n<\/ul>\n\n\n\n<h3 class=\"wp-block-heading\">Une expertise multilingue pour vos besoins globaux<\/h3>\n\n\n\n<p>En Belgique, o\u00f9 le fran\u00e7ais, le n\u00e9erlandais et l\u2019allemand coexistent, les directives internes n\u00e9cessitent souvent une traduction dans plusieurs langues pour s\u2019adresser efficacement \u00e0 tous les collaborateurs.<\/p>\n\n\n\n<p><a data-wpil-monitor-id=\"46\" href=\"https:\/\/www.betranslated.be\/fr\/\">BeTranslated propose \u00e9galement des traductions<\/a> en anglais, espagnol, italien et d\u2019autres langues pour r\u00e9pondre aux besoins des organisations op\u00e9rant \u00e0 l\u2019\u00e9chelle internationale.<\/p>\n\n\n\n<h3 class=\"wp-block-heading\">Notre processus de traduction<\/h3>\n\n\n\n<p>Pour garantir une <a href=\"https:\/\/www.betranslated.be\/fr\/blog\/choisir-une-bonne-agence-de-traduction\/\" data-wpil-monitor-id=\"47\">traduction<\/a> pr\u00e9cise et coh\u00e9rente, BeTranslated applique un processus rigoureux :<\/p>\n\n\n\n<ol class=\"wp-block-list\">\n<li><strong>Analyse initiale :<\/strong> Compr\u00e9hension des objectifs et du contenu des directives internes.<\/li>\n\n\n\n<li><a href=\"https:\/\/www.betranslated.be\/fr\/services-traduction\/agence-specialisee\/\" data-type=\"page\" data-id=\"254717\">Traduction sp\u00e9cialis\u00e9e <\/a><strong>:<\/strong> R\u00e9alisation par un traducteur expert en communication d\u2019entreprise.<\/li>\n\n\n\n<li><a href=\"https:\/\/www.betranslated.be\/fr\/services-traduction\/relecture\/\">Relecture <\/a><strong>:<\/strong> V\u00e9rification par un second traducteur pour garantir l\u2019exactitude et la fluidit\u00e9.<\/li>\n\n\n\n<li><strong>Livraison :<\/strong> Fourniture d\u2019un document pr\u00eat \u00e0 \u00eatre distribu\u00e9 et mis en \u0153uvre.<\/li>\n<\/ol>\n\n\n\n<h3 class=\"wp-block-heading\">Exemples de directives traduites<\/h3>\n\n\n\n<p>BeTranslated traduit divers types de directives internes, notamment :<\/p>\n\n\n\n<ul class=\"wp-block-list\">\n<li>Proc\u00e9dures de conformit\u00e9 et de s\u00e9curit\u00e9.<\/li>\n\n\n\n<li>Manuels d\u2019employ\u00e9s et guides de formation.<\/li>\n\n\n\n<li>Directives en mati\u00e8re de durabilit\u00e9 et de responsabilit\u00e9 sociale.<\/li>\n\n\n\n<li>Politiques de sant\u00e9 et de s\u00e9curit\u00e9 au travail.<\/li>\n<\/ul>\n\n\n\n<h3 class=\"wp-block-heading\">Pourquoi choisir BeTranslated ?<\/h3>\n\n\n\n<p>BeTranslated se distingue par :<\/p>\n\n\n\n<ul class=\"wp-block-list\">\n<li>Un r\u00e9seau de <a data-wpil-monitor-id=\"44\" href=\"https:\/\/www.betranslated.be\/fr\/traducteurs-professionnels\/\">traducteurs sp\u00e9cialis\u00e9s<\/a> en communication interne et en gestion d\u2019entreprise.<\/li>\n\n\n\n<li>Une expertise multilingue adapt\u00e9e aux besoins des <a data-wpil-monitor-id=\"45\" href=\"https:\/\/www.betranslated.be\/fr\/services-traduction\/organisations-internationales\/\">organisations internationales<\/a>.<\/li>\n\n\n\n<li>Un respect strict des d\u00e9lais et un service personnalis\u00e9.<\/li>\n<\/ul>\n\n\n\n<p>Confiez-nous la traduction de vos directives internes pour garantir leur clart\u00e9 et leur impact dans toutes les langues.<\/p>\n\n\n\n<p>Pour plus d\u2019informations, visitez notre <a href=\"https:\/\/www.betranslated.be\/fr\/services-traduction\/juridique\/\">page d\u00e9di\u00e9e aux traductions juridiques<\/a>.<\/p>\n\n\n<h2>FAQ \u2013 Traduction de directives internes<\/h2>\n<details>\n<summary><strong>Pourquoi faire traduire des directives internes par des sp\u00e9cialistes du juridique\u00a0?<\/strong><\/summary>\n<p>Les directives internes d\u00e9finissent des r\u00e8gles, obligations et proc\u00e9dures applicables au sein de l\u2019entreprise.<br \/>Une traduction approximative peut entra\u00eener des incompr\u00e9hensions internes, des conflits RH ou des risques de non-conformit\u00e9.<br \/>Une traduction juridique sp\u00e9cialis\u00e9e garantit une interpr\u00e9tation fid\u00e8le et coh\u00e9rente du contenu.<\/p>\n<\/details><details>\n<summary><strong>Quels types de directives internes peuvent \u00eatre traduits\u00a0?<\/strong><\/summary>\n<p>Les projets concernent notamment les politiques RH, r\u00e8glements int\u00e9rieurs, codes de conduite, chartes \u00e9thiques, proc\u00e9dures internes, politiques de conformit\u00e9, documents li\u00e9s au RGPD ou \u00e0 la gouvernance d\u2019entreprise.<\/p>\n<\/details><details>\n<summary><strong>La confidentialit\u00e9 des documents est-elle garantie\u00a0?<\/strong><\/summary>\n<p>Les directives internes contiennent souvent des informations sensibles.<br \/>Les documents sont trait\u00e9s dans le respect strict de la confidentialit\u00e9.<br \/>Des accords de non-divulgation peuvent \u00eatre mis en place et l\u2019acc\u00e8s aux fichiers est limit\u00e9 aux intervenants autoris\u00e9s.<\/p>\n<\/details><details>\n<summary><strong>Les traductions sont-elles adapt\u00e9es aux cadres juridiques locaux\u00a0?<\/strong><\/summary>\n<p>Chaque traduction tient compte du contexte juridique du pays de destination.<br \/>La terminologie est harmonis\u00e9e avec les usages locaux et sectoriels afin d\u2019\u00e9viter toute ambigu\u00eft\u00e9 dans l\u2019application des r\u00e8gles internes.<\/p>\n<\/details><details>\n<summary><strong>Dans quelles langues les directives internes peuvent-elles \u00eatre traduites\u00a0?<\/strong><\/summary>\n<p>Les langues officielles de la Belgique sont couvertes, ainsi que l\u2019anglais pour les besoins internationaux.<br \/>Des projets multilingues peuvent \u00eatre g\u00e9r\u00e9s de mani\u00e8re centralis\u00e9e pour les groupes pr\u00e9sents sur plusieurs march\u00e9s.<\/p>\n<\/details><style>\r\n.lwrp.link-whisper-related-posts{\r\n            \r\n            margin-top: 100px;\nmargin-right: 0px;\nmargin-bottom: 0px;\nmargin-left: 0px;\r\n        }\r\n        .lwrp .lwrp-title{\r\n            \r\n            font-size: 20px;\r\n        }.lwrp .lwrp-description{\r\n            \r\n            \r\n\r\n        }\r\n        .lwrp .lwrp-list-container{\r\n        }\r\n        .lwrp .lwrp-list-multi-container{\r\n            display: flex;\r\n        }\r\n        .lwrp .lwrp-list-double{\r\n            width: 48%;\r\n        }\r\n        .lwrp .lwrp-list-triple{\r\n            width: 32%;\r\n        }\r\n        .lwrp .lwrp-list-row-container{\r\n            display: flex;\r\n            justify-content: space-between;\r\n        }\r\n        .lwrp .lwrp-list-row-container .lwrp-list-item{\r\n            width: calc(20% - 20px);\r\n        }\r\n        .lwrp .lwrp-list-item:not(.lwrp-no-posts-message-item){\r\n            \r\n            margin-top: 0px;\nmargin-right: 0px;\nmargin-bottom: 0px;\nmargin-left: 0px;max-width: 150px;list-style: none;\r\n        }\r\n        .lwrp .lwrp-list-item img{\r\n            max-width: 100%;\r\n            height: auto;\r\n            object-fit: cover;\r\n            aspect-ratio: 1 \/ 1;\r\n        }\r\n        .lwrp .lwrp-list-item.lwrp-empty-list-item{\r\n            background: initial !important;\r\n        }\r\n        .lwrp .lwrp-list-item .lwrp-list-link .lwrp-list-link-title-text,\r\n        .lwrp .lwrp-list-item .lwrp-list-no-posts-message{\r\n            color: #0a0a0a;\r\n            font-size: 14px;\r\n            \r\n            \r\n        }@media screen and (max-width: 480px) {\r\n            .lwrp.link-whisper-related-posts{\r\n                \r\n                \r\n            }\r\n            .lwrp .lwrp-title{\r\n                \r\n                \r\n            }.lwrp .lwrp-description{\r\n                \r\n                \r\n            }\r\n            .lwrp .lwrp-list-multi-container{\r\n                flex-direction: column;\r\n            }\r\n            .lwrp .lwrp-list-multi-container ul.lwrp-list{\r\n                margin-top: 0px;\r\n                margin-bottom: 0px;\r\n                padding-top: 0px;\r\n                padding-bottom: 0px;\r\n            }\r\n            .lwrp .lwrp-list-double,\r\n            .lwrp .lwrp-list-triple{\r\n                width: 100%;\r\n            }\r\n            .lwrp .lwrp-list-row-container{\r\n                justify-content: initial;\r\n                flex-direction: column;\r\n            }\r\n            .lwrp .lwrp-list-row-container .lwrp-list-item{\r\n                width: 100%;\r\n            }\r\n            .lwrp .lwrp-list-item:not(.lwrp-no-posts-message-item){\r\n                \r\n                max-width: initial;\r\n            }\r\n            .lwrp .lwrp-list-item .lwrp-list-link .lwrp-list-link-title-text,\r\n            .lwrp .lwrp-list-item .lwrp-list-no-posts-message{\r\n                \r\n                \r\n                \r\n                \r\n            };\r\n        }<\/style>\r\n<div id=\"link-whisper-related-posts-widget\" class=\"link-whisper-related-posts lwrp\">\r\n    \r\n        <div class=\"lwrp-list-container\">\r\n                                <div class=\"lwrp-list lwrp-list-row-container lwrp-list-single-row\">\r\n                <div class=\"lwrp-list-item\"><a href=\"https:\/\/www.betranslated.be\/fr\/services-traduction\/juridique\/contrats-dedition\/\" class=\"lwrp-list-link\"><img width=\"480\" height=\"192\" src=\"https:\/\/www.betranslated.be\/wp-content\/uploads\/2025\/02\/traduction-de-contrats-dedition.jpg\" class=\"attachment-480x480 size-480x480 wp-post-image\" alt=\"traduction de contrats d&#039;\u00e9dition\" \/><br><span class=\"lwrp-list-link-title-text\">Services de traduction de contrats d&rsquo;\u00e9dition<\/span><\/a><\/div><div class=\"lwrp-list-item\"><a href=\"https:\/\/www.betranslated.be\/fr\/services-traduction\/juridique\/traduction-de-procurations\/\" class=\"lwrp-list-link\"><img width=\"480\" height=\"210\" src=\"https:\/\/www.betranslated.be\/wp-content\/uploads\/2025\/01\/Services-de-traduction-de-procurations.jpg\" class=\"attachment-480x480 size-480x480 wp-post-image\" alt=\"Services de traduction de procurations\" \/><br><span class=\"lwrp-list-link-title-text\">Services de traduction de procurations<\/span><\/a><\/div><div class=\"lwrp-list-item\"><a href=\"https:\/\/www.betranslated.be\/fr\/services-traduction\/juridique\/contrats-de-location\/\" class=\"lwrp-list-link\"><img width=\"480\" height=\"204\" src=\"https:\/\/www.betranslated.be\/wp-content\/uploads\/2025\/01\/Services-de-traduction-de-contrats-de-location.jpg\" class=\"attachment-480x480 size-480x480 wp-post-image\" alt=\"Services de traduction de contrats de location\" \/><br><span class=\"lwrp-list-link-title-text\">Services de traduction de contrats de location<\/span><\/a><\/div><div class=\"lwrp-list-item\"><a href=\"https:\/\/www.betranslated.be\/fr\/services-traduction\/juridique\/contrats-dembauche\/\" class=\"lwrp-list-link\"><img width=\"480\" height=\"210\" src=\"https:\/\/www.betranslated.be\/wp-content\/uploads\/2025\/01\/Services-de-traduction-de-contrats-dembauche.jpg\" class=\"attachment-480x480 size-480x480 wp-post-image\" alt=\"contrats d&#039;embauche\" \/><br><span class=\"lwrp-list-link-title-text\">Services de traduction de contrats d\u2019embauche<\/span><\/a><\/div><div class=\"lwrp-list-item\"><a href=\"https:\/\/www.betranslated.be\/fr\/services-traduction\/juridique\/depots-de-plainte\/\" class=\"lwrp-list-link\"><img width=\"480\" height=\"192\" src=\"https:\/\/www.betranslated.be\/wp-content\/uploads\/2025\/01\/Services-de-traduction-de-depots-de-plainte-e1769605606842.jpg\" class=\"attachment-480x480 size-480x480 wp-post-image\" alt=\"Services de traduction de d\u00e9p\u00f4ts de plainte\" \/><br><span class=\"lwrp-list-link-title-text\">Services de traduction de d\u00e9p\u00f4ts de plainte<\/span><\/a><\/div>                <\/div>\r\n                <\/div>\r\n<\/div>","protected":false},"excerpt":{"rendered":"<p>Avec BeTranslated, b\u00e9n\u00e9ficiez de d\u00e9lais rapides, d&rsquo;un service client personnalis\u00e9 et d&rsquo;une confidentialit\u00e9 absolue. Notre processus de traduction rigoureux garantit la qualit\u00e9 et l&rsquo;exactitude de chaque document, vous permettant de communiquer efficacement vos politiques et proc\u00e9dures \u00e0 l&rsquo;\u00e9chelle internationale.<\/p>\n","protected":false},"author":1,"featured_media":22996790,"parent":252,"menu_order":0,"comment_status":"closed","ping_status":"open","template":"","meta":{"_et_pb_use_builder":"","_et_pb_old_content":"","_et_gb_content_width":"","footnotes":""},"dipi_cpt_category":[230],"class_list":["post-22996700","page","type-page","status-publish","has-post-thumbnail","hentry","dipi_cpt_category-sujet"],"_links":{"self":[{"href":"https:\/\/www.betranslated.be\/fr\/wp-json\/wp\/v2\/pages\/22996700","targetHints":{"allow":["GET"]}}],"collection":[{"href":"https:\/\/www.betranslated.be\/fr\/wp-json\/wp\/v2\/pages"}],"about":[{"href":"https:\/\/www.betranslated.be\/fr\/wp-json\/wp\/v2\/types\/page"}],"author":[{"embeddable":true,"href":"https:\/\/www.betranslated.be\/fr\/wp-json\/wp\/v2\/users\/1"}],"replies":[{"embeddable":true,"href":"https:\/\/www.betranslated.be\/fr\/wp-json\/wp\/v2\/comments?post=22996700"}],"version-history":[{"count":7,"href":"https:\/\/www.betranslated.be\/fr\/wp-json\/wp\/v2\/pages\/22996700\/revisions"}],"predecessor-version":[{"id":23006410,"href":"https:\/\/www.betranslated.be\/fr\/wp-json\/wp\/v2\/pages\/22996700\/revisions\/23006410"}],"up":[{"embeddable":true,"href":"https:\/\/www.betranslated.be\/fr\/wp-json\/wp\/v2\/pages\/252"}],"wp:featuredmedia":[{"embeddable":true,"href":"https:\/\/www.betranslated.be\/fr\/wp-json\/wp\/v2\/media\/22996790"}],"wp:attachment":[{"href":"https:\/\/www.betranslated.be\/fr\/wp-json\/wp\/v2\/media?parent=22996700"}],"wp:term":[{"taxonomy":"dipi_cpt_category","embeddable":true,"href":"https:\/\/www.betranslated.be\/fr\/wp-json\/wp\/v2\/dipi_cpt_category?post=22996700"}],"curies":[{"name":"wp","href":"https:\/\/api.w.org\/{rel}","templated":true}]}}