{"id":22989261,"date":"2023-03-06T10:17:39","date_gmt":"2023-03-06T10:17:39","guid":{"rendered":"https:\/\/www.betranslated.be\/?page_id=22989261"},"modified":"2025-10-09T16:47:05","modified_gmt":"2025-10-09T16:47:05","slug":"sitemap","status":"publish","type":"page","link":"https:\/\/www.betranslated.be\/fr\/sitemap\/","title":{"rendered":"Sitemap"},"content":{"rendered":"<p><a href=\"https:\/\/www.betranslated.be\/fr\/\">Agence de traduction BeTranslated<\/a><br \/>\n<a href=\"https:\/\/www.betranslated.be\/fr\/blog\/\">Blog sur le monde de la traduction<\/a><br \/>\n<a href=\"https:\/\/www.betranslated.be\/fr\/clients\/\">Clients de BeTranslated<\/a><br \/>\n<a href=\"https:\/\/www.betranslated.be\/fr\/conditions-generales\/\">Conditions g\u00e9n\u00e9rales<\/a><br \/>\n<a href=\"https:\/\/www.betranslated.be\/fr\/contact-betranslated\/\">Nous contacter<\/a><br \/>\n<a href=\"https:\/\/www.betranslated.be\/fr\/devis-traduction\/\">Devis de traduction<\/a><br \/>\n<a href=\"https:\/\/www.betranslated.be\/fr\/langues\/\">Langues de traduction<\/a><br \/>\n<a href=\"https:\/\/www.betranslated.be\/fr\/tarifs-traduction\/\">Tarifs de traduction<\/a><br \/>\n<a href=\"https:\/\/www.betranslated.be\/fr\/traducteurs-professionnels\/\">Traducteurs professionnels<\/a><br \/>\n<a href=\"https:\/\/www.betranslated.be\/fr\/livraison-traductions\/\">D\u00e9lais de livraison<\/a><br \/>\n<a href=\"https:\/\/www.betranslated.be\/fr\/politique-de-confidentialite\/\">Politique de confidentialit\u00e9<\/a><br \/>\n<a href=\"https:\/\/www.betranslated.be\/fr\/presentation\/\">Pr\u00e9sentation de l&rsquo;entreprise<\/a><br \/>\n<a href=\"https:\/\/www.betranslated.be\/fr\/services-traduction\/\">Services de traduction<\/a><br \/>\n<a href=\"https:\/\/www.betranslated.be\/fr\/services-traduction\/agence-specialisee\/\">Agence de traduction sp\u00e9cialis\u00e9e<\/a><br \/>\n<a href=\"https:\/\/www.betranslated.be\/fr\/services-traduction\/allemand\/\">Services de traduction en allemand<\/a><br \/>\n<a href=\"https:\/\/www.betranslated.be\/fr\/services-traduction\/anglais-francais\/\">Services de traduction anglais fran\u00e7ais<\/a><br \/>\n<a href=\"https:\/\/www.betranslated.be\/fr\/services-traduction\/anglais\/\">Services de traduction en anglais<\/a><br \/>\n<a href=\"https:\/\/www.betranslated.be\/fr\/services-traduction\/audiovisuelle\/\">Services de traduction audiovisuelle<\/a><br \/>\n<a href=\"https:\/\/www.betranslated.be\/fr\/services-traduction\/commerciale\/\">Services de traduction commerciale<\/a><br \/>\n<a href=\"https:\/\/www.betranslated.be\/fr\/services-traduction\/contenu-web\/\">Services de traduction de contenu web<\/a><br \/>\n<a href=\"https:\/\/www.betranslated.be\/fr\/services-traduction\/documents-entreprises\/\">Services de traduction de documents d&rsquo;entreprise<\/a><br \/>\n<a href=\"https:\/\/www.betranslated.be\/fr\/services-traduction\/espagnol\/\">Services de traduction en espagnol<\/a><br \/>\n<a href=\"https:\/\/www.betranslated.be\/fr\/services-traduction\/francais\/\">Services de traduction en fran\u00e7ais<\/a><br \/>\n<a href=\"https:\/\/www.betranslated.be\/fr\/services-traduction\/italien\/\">Services de traduction en italien<\/a><br \/>\n<a href=\"https:\/\/www.betranslated.be\/fr\/services-traduction\/juridique\/\">Services de traduction juridique<\/a><br \/>\n<a href=\"https:\/\/www.betranslated.be\/fr\/services-traduction\/luxembourgeois\/\">Services de traduction en luxembourgeois<\/a><br \/>\n<a href=\"https:\/\/www.betranslated.be\/fr\/services-traduction\/marketing\/\">Services de traduction en marketing<\/a><br \/>\n<a href=\"https:\/\/www.betranslated.be\/fr\/services-traduction\/modes-emploi\/\">Services de traduction de mode d&#8217;emploi<\/a><br \/>\n<a href=\"https:\/\/www.betranslated.be\/fr\/services-traduction\/neerlandais\/\">Services de traduction en n\u00e9erlandais<\/a><br \/>\n<a href=\"https:\/\/www.betranslated.be\/fr\/services-traduction\/organisations-internationales\/\">Services de traduction pour les organisations internationales<\/a><br \/>\n<a href=\"https:\/\/www.betranslated.be\/fr\/services-traduction\/portugais\/\">Services de traduction en portugais<\/a><br \/>\n<a href=\"https:\/\/www.betranslated.be\/fr\/services-traduction\/seo-referencement\/\">Services de traduction orient\u00e9s SEO<\/a><br \/>\n<a href=\"https:\/\/www.betranslated.be\/fr\/services-traduction\/site-page-web-anglais\/\">Services de traduction de sites web en anglais<\/a><br \/>\n<a href=\"https:\/\/www.betranslated.be\/fr\/services-traduction\/technique-construction\/\">Services de traduction technique<\/a><br \/>\n<a href=\"https:\/\/www.betranslated.be\/fr\/services-traduction\/technique-construction\/appel-offres\/\">Services de traduction d&rsquo;appels d&rsquo;offres<\/a><br \/>\n<a href=\"https:\/\/www.betranslated.be\/fr\/services-traduction\/technique-construction\/fiches-securite-msds\/\">Services de traduction de fiches MSDS<\/a><br \/>\n<a href=\"https:\/\/www.betranslated.be\/fr\/services-traduction\/technique-informatique\/\">Services de traduction informatique<\/a><br \/>\n<a href=\"https:\/\/www.betranslated.be\/fr\/services-traduction\/tourisme\/\">Services de traduction touristique<\/a><br \/>\n<a href=\"https:\/\/www.betranslated.be\/fr\/sitemap\/\">Plan du site<\/a><\/p>\n","protected":false},"excerpt":{"rendered":"<p>Agence de traduction BeTranslated Blog sur le monde de la traduction Clients de BeTranslated Conditions g\u00e9n\u00e9rales Nous contacter Devis de traduction Langues de traduction Tarifs de traduction Traducteurs professionnels D\u00e9lais de livraison Politique de confidentialit\u00e9 Pr\u00e9sentation de l&rsquo;entreprise Services de traduction Agence de traduction sp\u00e9cialis\u00e9e Services de traduction en allemand Services de traduction anglais fran\u00e7ais [&hellip;]<\/p>\n","protected":false},"author":1,"featured_media":0,"parent":0,"menu_order":53,"comment_status":"closed","ping_status":"closed","template":"","meta":{"_et_pb_use_builder":"","_et_pb_old_content":"","_et_gb_content_width":"","footnotes":""},"dipi_cpt_category":[],"class_list":["post-22989261","page","type-page","status-publish","hentry"],"_links":{"self":[{"href":"https:\/\/www.betranslated.be\/fr\/wp-json\/wp\/v2\/pages\/22989261","targetHints":{"allow":["GET"]}}],"collection":[{"href":"https:\/\/www.betranslated.be\/fr\/wp-json\/wp\/v2\/pages"}],"about":[{"href":"https:\/\/www.betranslated.be\/fr\/wp-json\/wp\/v2\/types\/page"}],"author":[{"embeddable":true,"href":"https:\/\/www.betranslated.be\/fr\/wp-json\/wp\/v2\/users\/1"}],"replies":[{"embeddable":true,"href":"https:\/\/www.betranslated.be\/fr\/wp-json\/wp\/v2\/comments?post=22989261"}],"version-history":[{"count":2,"href":"https:\/\/www.betranslated.be\/fr\/wp-json\/wp\/v2\/pages\/22989261\/revisions"}],"predecessor-version":[{"id":23000834,"href":"https:\/\/www.betranslated.be\/fr\/wp-json\/wp\/v2\/pages\/22989261\/revisions\/23000834"}],"wp:attachment":[{"href":"https:\/\/www.betranslated.be\/fr\/wp-json\/wp\/v2\/media?parent=22989261"}],"wp:term":[{"taxonomy":"dipi_cpt_category","embeddable":true,"href":"https:\/\/www.betranslated.be\/fr\/wp-json\/wp\/v2\/dipi_cpt_category?post=22989261"}],"curies":[{"name":"wp","href":"https:\/\/api.w.org\/{rel}","templated":true}]}}